{"id":2,"date":"2023-07-07T15:04:26","date_gmt":"2023-07-07T15:04:26","guid":{"rendered":"https:\/\/edmuse.ese.ipp.pt\/?page_id=2"},"modified":"2023-07-26T15:14:53","modified_gmt":"2023-07-26T15:14:53","slug":"pagina-exemplo","status":"publish","type":"page","link":"https:\/\/edmuse.ese.ipp.pt\/","title":{"rendered":"O Projeto"},"content":{"rendered":"\n<p>O projeto EDMUSE pretende investigar a influ\u00eancia de uma educa\u00e7\u00e3o musical ativa no desenvolvimento musical, cognitivo, socio-emocional e escolar das crian\u00e7as. Os participantes s\u00e3o crian\u00e7as de 7-8 anos de idade, a frequentarem o 2\u00ba ano do 1\u00ba Ciclo do Ensino B\u00e1sico, em escolas de meios desfavorecidos (TEIP), que n\u00e3o oferecem aulas de m\u00fasica. O objetivo \u00e9 avaliar o desenvolvimento musical, cognitivo, socio-emocional e escolar das crian\u00e7as participantes, antes e depois da implementa\u00e7\u00e3o de um Programa de Educa\u00e7\u00e3o Musical e de Drama, a cargo de professores experientes, especialistas em Educa\u00e7\u00e3o Musical e em Drama. <\/p>\n\n\n\n<p>Espera-se que a educa\u00e7\u00e3o musical ativa em grupo (Boal-Palheiros, 2015) proposta neste projeto envolva e motive as crian\u00e7as e desenvolva as suas compet\u00eancias musicais, como ouvir, interpretar, e criar m\u00fasica, bem como as suas compet\u00eancias n\u00e3o-musicais, como aten\u00e7\u00e3o, mem\u00f3ria, express\u00e3o emocional, comunica\u00e7\u00e3o, coopera\u00e7\u00e3o e sincronia. Explorar que atividades musicais espec\u00edficas podem desenvolver outras compet\u00eancias e porque e como isso pode acontecer s\u00e3o os grandes desafios deste projeto, para se compreenderem as rela\u00e7\u00f5es entre a educa\u00e7\u00e3o musical ativa e o desenvolvimento de crian\u00e7as de comunidades desfavorecidas.<\/p>\n\n\n<div class=\"wp-block-image\">\n<figure class=\"aligncenter size-full is-resized\"><img loading=\"lazy\" decoding=\"async\" src=\"https:\/\/edmuse.ese.ipp.pt\/wp-content\/uploads\/2023\/07\/Imagem.projeto.png\" alt=\"\" class=\"wp-image-90\" width=\"720\" height=\"241\" srcset=\"https:\/\/edmuse.ese.ipp.pt\/wp-content\/uploads\/2023\/07\/Imagem.projeto.png 650w, https:\/\/edmuse.ese.ipp.pt\/wp-content\/uploads\/2023\/07\/Imagem.projeto-300x101.png 300w\" sizes=\"auto, (max-width: 720px) 100vw, 720px\" \/><\/figure>\n<\/div>\n\n<div class=\"wp-block-image\">\n<figure class=\"aligncenter size-full is-resized\"><img loading=\"lazy\" decoding=\"async\" src=\"https:\/\/edmuse.ese.ipp.pt\/wp-content\/uploads\/2023\/07\/Sem-titulo.png\" alt=\"\" class=\"wp-image-76\" width=\"721\" height=\"376\" srcset=\"https:\/\/edmuse.ese.ipp.pt\/wp-content\/uploads\/2023\/07\/Sem-titulo.png 565w, https:\/\/edmuse.ese.ipp.pt\/wp-content\/uploads\/2023\/07\/Sem-titulo-300x157.png 300w\" sizes=\"auto, (max-width: 721px) 100vw, 721px\" \/><\/figure>\n<\/div>","protected":false},"excerpt":{"rendered":"<p>O projeto EDMUSE pretende investigar a influ\u00eancia de uma educa\u00e7\u00e3o musical ativa no desenvolvimento musical, cognitivo, socio-emocional e escolar das crian\u00e7as. Os participantes s\u00e3o crian\u00e7as de 7-8 anos de idade, a frequentarem o 2\u00ba ano do 1\u00ba Ciclo do Ensino B\u00e1sico, em escolas de meios desfavorecidos (TEIP), que n\u00e3o oferecem aulas de m\u00fasica. O objetivo [&hellip;]<\/p>\n","protected":false},"author":1,"featured_media":0,"parent":0,"menu_order":0,"comment_status":"closed","ping_status":"open","template":"","meta":{"footnotes":""},"class_list":["post-2","page","type-page","status-publish","hentry","post"],"_links":{"self":[{"href":"https:\/\/edmuse.ese.ipp.pt\/index.php\/wp-json\/wp\/v2\/pages\/2","targetHints":{"allow":["GET"]}}],"collection":[{"href":"https:\/\/edmuse.ese.ipp.pt\/index.php\/wp-json\/wp\/v2\/pages"}],"about":[{"href":"https:\/\/edmuse.ese.ipp.pt\/index.php\/wp-json\/wp\/v2\/types\/page"}],"author":[{"embeddable":true,"href":"https:\/\/edmuse.ese.ipp.pt\/index.php\/wp-json\/wp\/v2\/users\/1"}],"replies":[{"embeddable":true,"href":"https:\/\/edmuse.ese.ipp.pt\/index.php\/wp-json\/wp\/v2\/comments?post=2"}],"version-history":[{"count":6,"href":"https:\/\/edmuse.ese.ipp.pt\/index.php\/wp-json\/wp\/v2\/pages\/2\/revisions"}],"predecessor-version":[{"id":91,"href":"https:\/\/edmuse.ese.ipp.pt\/index.php\/wp-json\/wp\/v2\/pages\/2\/revisions\/91"}],"wp:attachment":[{"href":"https:\/\/edmuse.ese.ipp.pt\/index.php\/wp-json\/wp\/v2\/media?parent=2"}],"curies":[{"name":"wp","href":"https:\/\/api.w.org\/{rel}","templated":true}]}}