{"id":25,"date":"2023-07-18T13:48:04","date_gmt":"2023-07-18T13:48:04","guid":{"rendered":"https:\/\/edmuse.ese.ipp.pt\/?page_id=25"},"modified":"2023-09-04T14:13:22","modified_gmt":"2023-09-04T14:13:22","slug":"equipa","status":"publish","type":"page","link":"https:\/\/edmuse.ese.ipp.pt\/index.php\/equipa\/","title":{"rendered":"Equipa"},"content":{"rendered":"\n<div class=\"wp-block-group\"><div class=\"wp-block-group__inner-container is-layout-constrained wp-block-group-is-layout-constrained\">\n<figure class=\"wp-block-table alignleft is-style-stripes\"><table><tbody><tr><td><strong>Gest\u00e3o do projeto<\/strong><\/td><\/tr><tr><td>Gra\u00e7a Boal-Palheiros (Investigadora Principal, ESE-IPP)<\/td><\/tr><tr><td><strong>Investigadores<\/strong><\/td><\/tr><tr><td>Beatriz Ilari (U. Southern California, EUA)<br>Carlos Santos Luiz (ESE-IPC)<br>Gina Lemos (UM)<br>Lisete M\u00f3nico (UC)<br>Margarida Baltazar (U. Jyv\u00e4skyl\u00e4, Finl\u00e2ndia)<br>Mafalda Fonseca (CIPEM\/INET-md, ESE-IPP)<br>S\u00e3o Luis Castro (FPCEUP)<br>Carolina Cordeiro (Bolseira no CIPEM\/INET-md, ESE-IPP)<br>Mariana Allen (Bolseira no CIPEM\/INET-md, ESE-IPP)<\/td><\/tr><tr><td><strong>Consultor<\/strong><\/td><\/tr><tr><td>Prof. Graham Welch (UCL, Londres)<\/td><\/tr><\/tbody><\/table><\/figure>\n<\/div><\/div>\n","protected":false},"excerpt":{"rendered":"<p>Gest\u00e3o do projeto Gra\u00e7a Boal-Palheiros (Investigadora Principal, ESE-IPP) Investigadores Beatriz Ilari (U. Southern California, EUA)Carlos Santos Luiz (ESE-IPC)Gina Lemos (UM)Lisete M\u00f3nico (UC)Margarida Baltazar (U. Jyv\u00e4skyl\u00e4, Finl\u00e2ndia)Mafalda Fonseca (CIPEM\/INET-md, ESE-IPP)S\u00e3o Luis Castro (FPCEUP)Carolina Cordeiro (Bolseira no CIPEM\/INET-md, ESE-IPP)Mariana Allen (Bolseira no CIPEM\/INET-md, ESE-IPP) Consultor Prof. Graham Welch (UCL, Londres)<\/p>\n","protected":false},"author":1,"featured_media":0,"parent":0,"menu_order":0,"comment_status":"closed","ping_status":"closed","template":"","meta":{"footnotes":""},"class_list":["post-25","page","type-page","status-publish","hentry","post"],"_links":{"self":[{"href":"https:\/\/edmuse.ese.ipp.pt\/index.php\/wp-json\/wp\/v2\/pages\/25","targetHints":{"allow":["GET"]}}],"collection":[{"href":"https:\/\/edmuse.ese.ipp.pt\/index.php\/wp-json\/wp\/v2\/pages"}],"about":[{"href":"https:\/\/edmuse.ese.ipp.pt\/index.php\/wp-json\/wp\/v2\/types\/page"}],"author":[{"embeddable":true,"href":"https:\/\/edmuse.ese.ipp.pt\/index.php\/wp-json\/wp\/v2\/users\/1"}],"replies":[{"embeddable":true,"href":"https:\/\/edmuse.ese.ipp.pt\/index.php\/wp-json\/wp\/v2\/comments?post=25"}],"version-history":[{"count":11,"href":"https:\/\/edmuse.ese.ipp.pt\/index.php\/wp-json\/wp\/v2\/pages\/25\/revisions"}],"predecessor-version":[{"id":104,"href":"https:\/\/edmuse.ese.ipp.pt\/index.php\/wp-json\/wp\/v2\/pages\/25\/revisions\/104"}],"wp:attachment":[{"href":"https:\/\/edmuse.ese.ipp.pt\/index.php\/wp-json\/wp\/v2\/media?parent=25"}],"curies":[{"name":"wp","href":"https:\/\/api.w.org\/{rel}","templated":true}]}}