{"id":51,"date":"2023-07-18T14:41:33","date_gmt":"2023-07-18T14:41:33","guid":{"rendered":"https:\/\/edmuse.ese.ipp.pt\/?page_id=51"},"modified":"2023-07-26T10:10:37","modified_gmt":"2023-07-26T10:10:37","slug":"publicacoes","status":"publish","type":"page","link":"https:\/\/edmuse.ese.ipp.pt\/index.php\/publicacoes\/","title":{"rendered":"Publica\u00e7\u00f5es"},"content":{"rendered":"\n<p><\/p>\n\n\n\n<p><em><strong>Musical and cognitive abilities in children from disadvantaged background<\/strong><\/em><\/p>\n\n\n\n<p>Gra\u00e7a Boal-Palheiros, Pedro Figueira, S\u00e3o Lu\u00eds Castro<\/p>\n\n\n\n<p><a href=\"https:\/\/revistas.uv.es\/index.php\/LEEME\/article\/view\/24089\">https:\/\/revistas.uv.es\/index.php\/LEEME\/article\/view\/24089<\/a><\/p>\n\n\n\n<p><\/p>\n\n\n\n<p><\/p>\n\n\n\n<p><em><strong>Music, drama, and social development in Portuguese children<\/strong><\/em><\/p>\n\n\n\n<p>Gra\u00e7a Boal-Palheiros, Beatriz Ilari<\/p>\n\n\n\n<p><a href=\"https:\/\/www.frontiersin.org\/articles\/10.3389\/fpsyg.2023.1093832\/full\">https:\/\/www.frontiersin.org\/articles\/10.3389\/fpsyg.2023.1093832\/full<\/a><\/p>\n","protected":false},"excerpt":{"rendered":"<p>Musical and cognitive abilities in children from disadvantaged background Gra\u00e7a Boal-Palheiros, Pedro Figueira, S\u00e3o Lu\u00eds Castro https:\/\/revistas.uv.es\/index.php\/LEEME\/article\/view\/24089 Music, drama, and social development in Portuguese children Gra\u00e7a Boal-Palheiros, Beatriz Ilari https:\/\/www.frontiersin.org\/articles\/10.3389\/fpsyg.2023.1093832\/full<\/p>\n","protected":false},"author":1,"featured_media":0,"parent":0,"menu_order":0,"comment_status":"closed","ping_status":"closed","template":"","meta":{"footnotes":""},"class_list":["post-51","page","type-page","status-publish","hentry","post"],"_links":{"self":[{"href":"https:\/\/edmuse.ese.ipp.pt\/index.php\/wp-json\/wp\/v2\/pages\/51","targetHints":{"allow":["GET"]}}],"collection":[{"href":"https:\/\/edmuse.ese.ipp.pt\/index.php\/wp-json\/wp\/v2\/pages"}],"about":[{"href":"https:\/\/edmuse.ese.ipp.pt\/index.php\/wp-json\/wp\/v2\/types\/page"}],"author":[{"embeddable":true,"href":"https:\/\/edmuse.ese.ipp.pt\/index.php\/wp-json\/wp\/v2\/users\/1"}],"replies":[{"embeddable":true,"href":"https:\/\/edmuse.ese.ipp.pt\/index.php\/wp-json\/wp\/v2\/comments?post=51"}],"version-history":[{"count":6,"href":"https:\/\/edmuse.ese.ipp.pt\/index.php\/wp-json\/wp\/v2\/pages\/51\/revisions"}],"predecessor-version":[{"id":87,"href":"https:\/\/edmuse.ese.ipp.pt\/index.php\/wp-json\/wp\/v2\/pages\/51\/revisions\/87"}],"wp:attachment":[{"href":"https:\/\/edmuse.ese.ipp.pt\/index.php\/wp-json\/wp\/v2\/media?parent=51"}],"curies":[{"name":"wp","href":"https:\/\/api.w.org\/{rel}","templated":true}]}}